{"id":4327,"date":"2016-08-27T01:40:16","date_gmt":"2016-08-27T04:40:16","guid":{"rendered":"http:\/\/www.partidogen.org.ar\/web\/?page_id=4327"},"modified":"2019-05-08T22:57:13","modified_gmt":"2019-05-09T01:57:13","slug":"politicas-de-transparencia","status":"publish","type":"page","link":"https:\/\/www.partidogen.org.ar\/web\/politicas-de-transparencia\/","title":{"rendered":"Pol\u00edticas de transparencia"},"content":{"rendered":"<p>[vc_row css=\u00bb.vc_custom_1526293938326{padding-right: 20px !important;padding-left: 20px !important;}\u00bb][vc_column][vc_custom_heading text=\u00bbPol\u00edticas de transparencia\u00bb font_container=\u00bbtag:h2|font_size:36px|text_align:center\u00bb use_theme_fonts=\u00bbyes\u00bb][vc_separator][\/vc_column][\/vc_row][vc_row css=\u00bb.vc_custom_1526406119978{padding-right: 35px !important;padding-bottom: 20px !important;padding-left: 35px !important;}\u00bb][vc_column css=\u00bb.vc_custom_1526244963208{background-color: #dddddd !important;}\u00bb][vc_toggle title=\u00bbInforme Contrataci\u00f3n Consultor\u00edas 2016\/2017 &#8211; ASOCIACION CIVIL \u201cBAJO LA LUPA\u201d\u00bb style=\u00bbsimple\u00bb color=\u00bbjuicy_pink\u00bb custom_font_container=\u00bbtag:h2|font_size:16|text_align:left\u00bb custom_google_fonts=\u00bbfont_family:Open%20Sans%3A300%2C300italic%2Cregular%2Citalic%2C600%2C600italic%2C700%2C700italic%2C800%2C800italic|font_style:400%20regular%3A400%3Anormal\u00bb use_custom_heading=\u00bbtrue\u00bb]<a title=\"\" href=\"https:\/\/www.margaritastolbizer.com.ar\/wp-content\/uploads\/2018\/02\/ONG-BajoLaLupa-Informe05012018.pdf\" target=\"_blank\" rel=\"noopener noreferrer\">Relevamiento de contrataciones de servicios de Consultor\u00eda en la Administraci\u00f3n P\u00fablica Nacional periodo 2016\/2017<\/a>[\/vc_toggle][vc_toggle title=\u00bbR\u00e9gimen de Acceso a la Informaci\u00f3n P\u00fablica\u00bb style=\u00bbsimple\u00bb color=\u00bbjuicy_pink\u00bb custom_font_container=\u00bbtag:h2|font_size:16|text_align:left\u00bb custom_google_fonts=\u00bbfont_family:Open%20Sans%3A300%2C300italic%2Cregular%2Citalic%2C600%2C600italic%2C700%2C700italic%2C800%2C800italic|font_style:400%20regular%3A400%3Anormal\u00bb use_custom_heading=\u00bbtrue\u00bb]Establece los principios, bases y reglas para garantizar el efectivo ejercicio del derecho de acceso a la informaci\u00f3n p\u00fablica, promover la participaci\u00f3n ciudadana en las cuestiones p\u00fablicas y la rendici\u00f3n de cuentas de los funcionarios p\u00fablicos. (Proyecto de Ley).<br \/>\n<a title=\"\" href=\"https:\/\/www.partidogen.org.ar\/web\/wp-content\/uploads\/2014\/10\/ley_de_acceso_a_la_informacion_publica.doc\">Ver Propuesta #Transparencia<\/a>[\/vc_toggle][vc_toggle title=\u00bb\u00c9tica en el ejercicio de la funci\u00f3n p\u00fablica\u00bb style=\u00bbsimple\u00bb color=\u00bbjuicy_pink\u00bb custom_font_container=\u00bbtag:h2|font_size:16|text_align:left\u00bb custom_google_fonts=\u00bbfont_family:Open%20Sans%3A300%2C300italic%2Cregular%2Citalic%2C600%2C600italic%2C700%2C700italic%2C800%2C800italic|font_style:400%20regular%3A400%3Anormal\u00bb use_custom_heading=\u00bbtrue\u00bb]Establece mecanismos para hacer m\u00e1s eficaces los mecanismos de rendici\u00f3n de cuentas, control y participaci\u00f3n; y se asegura los est\u00e1ndares establecidos en la Convenci\u00f3n Interamericana contra la Corrupci\u00f3n. (Proyecto de Ley).<br \/>\n<a href=\"https:\/\/www.partidogen.org.ar\/web\/wp-content\/uploads\/2014\/10\/proyecto_ley_reforma_etica_funcion_publica_23042013.doc\">Ver Propuesta #Transparencia<\/a>[\/vc_toggle][vc_toggle title=\u00bbJuicios por Jurados en casos de Corrupci\u00f3n\u00bb style=\u00bbsimple\u00bb color=\u00bbjuicy_pink\u00bb custom_font_container=\u00bbtag:h2|font_size:16|text_align:left\u00bb custom_google_fonts=\u00bbfont_family:Open%20Sans%3A300%2C300italic%2Cregular%2Citalic%2C600%2C600italic%2C700%2C700italic%2C800%2C800italic|font_style:400%20regular%3A400%3Anormal\u00bb use_custom_heading=\u00bbtrue\u00bb]Establece el Juicio por Jurados para los delitos de cohecho y tr\u00e1fico de influencias, malversaci\u00f3n de caudales p\u00fablicos, negociaciones incompatibles con el ejercicio de funciones p\u00fablicas, exacciones ilegales y enriquecimiento il\u00edcito de funcionarios y empleados. (Proyecto de Ley).<br \/>\n<a href=\"https:\/\/www.partidogen.org.ar\/web\/wp-content\/uploads\/2014\/10\/regulacion_juicio_por_jurados_delitos_de_corrupcion1.doc\">Ver Propuesta #Transparencia<\/a>[\/vc_toggle][vc_toggle title=\u00bbResponsabilidad Penal para miembros de Fundaciones y Asociaciones Civiles\u00bb style=\u00bbsimple\u00bb color=\u00bbjuicy_pink\u00bb custom_font_container=\u00bbtag:h2|font_size:16|text_align:left\u00bb custom_google_fonts=\u00bbfont_family:Open%20Sans%3A300%2C300italic%2Cregular%2Citalic%2C600%2C600italic%2C700%2C700italic%2C800%2C800italic|font_style:400%20regular%3A400%3Anormal\u00bb use_custom_heading=\u00bbtrue\u00bb]Establece el Juicio por Jurados para los delitos de cohecho y tr\u00e1fico de influencias, malversaci\u00f3n de caudales p\u00fablicos, negociaciones incompatibles con el ejercicio de funciones p\u00fablicas, exacciones ilegales y enriquecimiento il\u00edcito de funcionarios y empleados. (Proyecto de Ley).<br \/>\n<a href=\"https:\/\/www.partidogen.org.ar\/web\/wp-content\/uploads\/2014\/10\/regulacion_juicio_por_jurados_delitos_de_corrupcion1.doc\">Ver Propuesta #Transparencia<\/a>[\/vc_toggle][vc_toggle title=\u00bbRegulaci\u00f3n de la cesi\u00f3n obligatoria de la administraci\u00f3n del patrimonio de los funcionarios p\u00fablicos\u00bb style=\u00bbsimple\u00bb color=\u00bbjuicy_pink\u00bb custom_font_container=\u00bbtag:h2|font_size:16|text_align:left\u00bb custom_google_fonts=\u00bbfont_family:Open%20Sans%3A300%2C300italic%2Cregular%2Citalic%2C600%2C600italic%2C700%2C700italic%2C800%2C800italic|font_style:400%20regular%3A400%3Anormal\u00bb use_custom_heading=\u00bbtrue\u00bb]Establece el Juicio por Jurados para los delitos de cohecho y tr\u00e1fico de influencias, malversaci\u00f3n de caudales p\u00fablicos, negociaciones incompatibles con el ejercicio de funciones p\u00fablicas, exacciones ilegales y enriquecimiento il\u00edcito de funcionarios y empleados. (Proyecto de Ley).<br \/>\n<a href=\"https:\/\/www.partidogen.org.ar\/web\/wp-content\/uploads\/2014\/10\/regulacion_juicio_por_jurados_delitos_de_corrupcion1.doc\">Ver Propuesta #Transparencia<\/a>[\/vc_toggle][vc_toggle title=\u00bbReglamentaci\u00f3n de las Audiencias P\u00fablicas\u00bb style=\u00bbsimple\u00bb color=\u00bbjuicy_pink\u00bb custom_font_container=\u00bbtag:h2|font_size:16|text_align:left\u00bb custom_google_fonts=\u00bbfont_family:Open%20Sans%3A300%2C300italic%2Cregular%2Citalic%2C600%2C600italic%2C700%2C700italic%2C800%2C800italic|font_style:400%20regular%3A400%3Anormal\u00bb use_custom_heading=\u00bbtrue\u00bb]Establece mecanismos para facilitar la realizaci\u00f3n y desarrollo de las actuales audiencias p\u00fablicas y les da mayor eficacia al instrumento de conclusiones. (Proyecto de Resoluci\u00f3n).<br \/>\n<a href=\"https:\/\/www.partidogen.org.ar\/web\/wp-content\/uploads\/2014\/10\/reglamentacion_audiencias_publicas_en_la_camara_de_diputados.doc\">Ver Propuesta #Transparencia<\/a>[\/vc_toggle][vc_toggle title=\u00bbReglamentaci\u00f3n del Lobby en el Congreso\u00bb style=\u00bbsimple\u00bb color=\u00bbjuicy_pink\u00bb custom_font_container=\u00bbtag:h2|font_size:16|text_align:left\u00bb custom_google_fonts=\u00bbfont_family:Open%20Sans%3A300%2C300italic%2Cregular%2Citalic%2C600%2C600italic%2C700%2C700italic%2C800%2C800italic|font_style:400%20regular%3A400%3Anormal\u00bb use_custom_heading=\u00bbtrue\u00bb]Establece mecanismos para facilitar la realizaci\u00f3n y desarrollo de las actuales audiencias p\u00fablicas y les da mayor eficacia al instrumento de conclusiones. (Proyecto de Resoluci\u00f3n).<br \/>\n<a href=\"https:\/\/www.partidogen.org.ar\/web\/wp-content\/uploads\/2014\/10\/reglamentacion_audiencias_publicas_en_la_camara_de_diputados.doc\">Ver Propuesta #Transparencia<\/a>[\/vc_toggle][vc_toggle title=\u00bbFuncionarios no podr\u00e1n salir del pa\u00eds por m\u00e1s de 30 d\u00edas, durante los 12 meses siguientes a la finalizaci\u00f3n de su mandato\u00bb style=\u00bbsimple\u00bb color=\u00bbjuicy_pink\u00bb custom_font_container=\u00bbtag:h2|font_size:16|text_align:left\u00bb custom_google_fonts=\u00bbfont_family:Open%20Sans%3A300%2C300italic%2Cregular%2Citalic%2C600%2C600italic%2C700%2C700italic%2C800%2C800italic|font_style:400%20regular%3A400%3Anormal\u00bb use_custom_heading=\u00bbtrue\u00bb]Establece que los funcionarios que ocupen cargos electivos, ministros, secretarios y subsecretarios de estado, quedan sujetos a Juicio de Residencia por 12 meses a partir de la finalizaci\u00f3n de su mandato o cese de sus funciones, por el cual no podr\u00e1n abandonar el pa\u00eds por un plazo mayor a los 30 d\u00edas, salvo que hubiera autorizaci\u00f3n del \u00f3rgano competente. (Proyecto de Ley).<br \/>\n<a href=\"https:\/\/www.partidogen.org.ar\/web\/wp-content\/uploads\/2014\/10\/juicio_de_residencia_y_restricciones_a_los_funcionarios_electos.doc\">Ver Propuesta #Transparencia<\/a>[\/vc_toggle][vc_toggle title=\u00bbIntroducci\u00f3n al C\u00f3digo Penal del delito de Ejercicio de Influencias\u00bb style=\u00bbsimple\u00bb color=\u00bbjuicy_pink\u00bb custom_font_container=\u00bbtag:h2|font_size:16|text_align:left\u00bb custom_google_fonts=\u00bbfont_family:Open%20Sans%3A300%2C300italic%2Cregular%2Citalic%2C600%2C600italic%2C700%2C700italic%2C800%2C800italic|font_style:400%20regular%3A400%3Anormal\u00bb use_custom_heading=\u00bbtrue\u00bb]Tambi\u00e9n establece la separaci\u00f3n del tr\u00e1fico de influencias del cohecho. (Proyecto de Ley).<br \/>\n<a href=\"https:\/\/www.partidogen.org.ar\/web\/wp-content\/uploads\/2014\/10\/ejercicio_de_influencias_y_separacion_del_trafico_de_influencias_del_cohecho.doc\">Ver Propuesta #Transparencia<\/a>[\/vc_toggle][vc_toggle title=\u00bbCreaci\u00f3n de Unidades de control y seguimiento de Declaraciones Juradas\u00bb style=\u00bbsimple\u00bb color=\u00bbjuicy_pink\u00bb custom_font_container=\u00bbtag:h2|font_size:16|text_align:left\u00bb custom_google_fonts=\u00bbfont_family:Open%20Sans%3A300%2C300italic%2Cregular%2Citalic%2C600%2C600italic%2C700%2C700italic%2C800%2C800italic|font_style:400%20regular%3A400%3Anormal\u00bb use_custom_heading=\u00bbtrue\u00bb]Tambi\u00e9n establece la regulaci\u00f3n de la Audiencia Expositiva de la situaci\u00f3n patrimonial. (Proyecto de Ley).<br \/>\n<a href=\"https:\/\/www.partidogen.org.ar\/web\/wp-content\/uploads\/2014\/10\/creacion_de_unidades_de_control_y_seguimiento_de_declaraciones_juradas.doc\">Ver Propuesta #Transparencia<\/a>[\/vc_toggle][vc_toggle title=\u00bbIncorporaci\u00f3n de Asociaciones Sindicales, Obras Sociales y Mutuales como sujetos obligados a informar a la Unidad de Informaci\u00f3n Financiera\u00bb style=\u00bbsimple\u00bb color=\u00bbjuicy_pink\u00bb custom_font_container=\u00bbtag:h2|font_size:16|text_align:left\u00bb custom_google_fonts=\u00bbfont_family:Open%20Sans%3A300%2C300italic%2Cregular%2Citalic%2C600%2C600italic%2C700%2C700italic%2C800%2C800italic|font_style:400%20regular%3A400%3Anormal\u00bb use_custom_heading=\u00bbtrue\u00bb](Proyecto de Ley).<br \/>\n<a href=\"https:\/\/www.partidogen.org.ar\/web\/wp-content\/uploads\/2014\/10\/sindicatos_y_obras_sociales_obligados_a_informar_a_la_uif.doc\">Ver Propuesta #Transparencia<\/a>[\/vc_toggle][vc_toggle title=\u00bbProcedimiento Tributario sobre Secreto Fiscal\u00bb style=\u00bbsimple\u00bb color=\u00bbjuicy_pink\u00bb custom_font_container=\u00bbtag:h2|font_size:16|text_align:left\u00bb custom_google_fonts=\u00bbfont_family:Open%20Sans%3A300%2C300italic%2Cregular%2Citalic%2C600%2C600italic%2C700%2C700italic%2C800%2C800italic|font_style:400%20regular%3A400%3Anormal\u00bb use_custom_heading=\u00bbtrue\u00bb](Proyecto de Ley).<br \/>\n<a href=\"https:\/\/www.partidogen.org.ar\/web\/wp-content\/uploads\/2014\/10\/sindicatos_y_obras_sociales_obligados_a_informar_a_la_uif.doc\">Ver Propuesta #Transparencia<\/a>[\/vc_toggle][\/vc_column][\/vc_row]<\/p>\n","protected":false},"excerpt":{"rendered":"<p>[vc_row css=\u00bb.vc_custom_1526293938326{padding-right: 20px !important;padding-left: 20px !important;}\u00bb][vc_column][vc_custom_heading text=\u00bbPol\u00edticas de transparencia\u00bb font_container=\u00bbtag:h2|font_size:36px|text_align:center\u00bb use_theme_fonts=\u00bbyes\u00bb][vc_separator][\/vc_column][\/vc_row][vc_row css=\u00bb.vc_custom_1526406119978{padding-right: 35px !important;padding-bottom: 20px !important;padding-left: 35px !important;}\u00bb][vc_column css=\u00bb.vc_custom_1526244963208{background-color: #dddddd !important;}\u00bb][vc_toggle title=\u00bbInforme Contrataci\u00f3n Consultor\u00edas 2016\/2017 &#8211; ASOCIACION CIVIL \u201cBAJO LA LUPA\u201d\u00bb style=\u00bbsimple\u00bb color=\u00bbjuicy_pink\u00bb custom_font_container=\u00bbtag:h2|font_size:16|text_align:left\u00bb custom_google_fonts=\u00bbfont_family:Open%20Sans%3A300%2C300italic%2Cregular%2Citalic%2C600%2C600italic%2C700%2C700italic%2C800%2C800italic|font_style:400%20regular%3A400%3Anormal\u00bb use_custom_heading=\u00bbtrue\u00bb]Relevamiento de contrataciones de servicios de Consultor\u00eda en la Administraci\u00f3n P\u00fablica Nacional periodo 2016\/2017[\/vc_toggle][vc_toggle title=\u00bbR\u00e9gimen de Acceso a la Informaci\u00f3n [&hellip;]<\/p>\n","protected":false},"author":2,"featured_media":0,"parent":0,"menu_order":0,"comment_status":"closed","ping_status":"closed","template":"fullwidth.php","meta":{"footnotes":""},"class_list":["post-4327","page","type-page","status-publish","hentry"],"_links":{"self":[{"href":"https:\/\/www.partidogen.org.ar\/web\/wp-json\/wp\/v2\/pages\/4327","targetHints":{"allow":["GET"]}}],"collection":[{"href":"https:\/\/www.partidogen.org.ar\/web\/wp-json\/wp\/v2\/pages"}],"about":[{"href":"https:\/\/www.partidogen.org.ar\/web\/wp-json\/wp\/v2\/types\/page"}],"author":[{"embeddable":true,"href":"https:\/\/www.partidogen.org.ar\/web\/wp-json\/wp\/v2\/users\/2"}],"replies":[{"embeddable":true,"href":"https:\/\/www.partidogen.org.ar\/web\/wp-json\/wp\/v2\/comments?post=4327"}],"version-history":[{"count":34,"href":"https:\/\/www.partidogen.org.ar\/web\/wp-json\/wp\/v2\/pages\/4327\/revisions"}],"predecessor-version":[{"id":9680,"href":"https:\/\/www.partidogen.org.ar\/web\/wp-json\/wp\/v2\/pages\/4327\/revisions\/9680"}],"wp:attachment":[{"href":"https:\/\/www.partidogen.org.ar\/web\/wp-json\/wp\/v2\/media?parent=4327"}],"curies":[{"name":"wp","href":"https:\/\/api.w.org\/{rel}","templated":true}]}}