{"id":17,"date":"2014-08-13T22:26:37","date_gmt":"2014-08-13T22:26:37","guid":{"rendered":"http:\/\/www.partidogen.org.ar\/web\/?page_id=17"},"modified":"2020-03-02T14:27:20","modified_gmt":"2020-03-02T17:27:20","slug":"sobreelgen","status":"publish","type":"page","link":"https:\/\/www.partidogen.org.ar\/web\/sobreelgen\/","title":{"rendered":"Sobre el GEN"},"content":{"rendered":"<p>[vc_row][vc_column][vc_custom_heading source=\u00bbpost_title\u00bb font_container=\u00bbtag:h2|font_size:36|text_align:center\u00bb use_theme_fonts=\u00bbyes\u00bb][vc_separator][\/vc_column][\/vc_row][vc_row css=\u00bb.vc_custom_1526861061040{padding-bottom: 20px !important;}\u00bb][vc_column css=\u00bb.vc_custom_1557867417232{background-color: #ea1919 !important;}\u00bb][vc_toggle title=\u00bb\u00bfQu\u00e9 es el Partido GEN?\u00bb style=\u00bbsimple\u00bb color=\u00bbwhite\u00bb custom_font_container=\u00bbtag:h2|font_size:16|text_align:left|color:%23ffffff\u00bb custom_use_theme_fonts=\u00bbyes\u00bb use_custom_heading=\u00bbtrue\u00bb]El Partido GEN es un partido pol\u00edtico argentino, de centroizquierda, liderado por la Diputada Nacional Margarita Stolbizer.<\/p>\n<p>En el Partido GEN reivindicamos a la pol\u00edtica como instrumento para reafirmar la democracia, la b\u00fasqueda de la libertad, sobre la base de la Rep\u00fablica y la Independencia, en el marco de la \u00e9tica, la solidaridad, la justicia y el desarrollo sustentable.<\/p>\n<p>En el Partido GEN estamos convencidos de que con constancia, trabajo y formaci\u00f3n, podremos hacer realidad el sue\u00f1o de una sociedad m\u00e1s justa, aunando las ideas a la acci\u00f3n para ser la g\u00e9nesis de un nuevo proyecto de pa\u00eds.[\/vc_toggle][vc_toggle title=\u00bb\u00bfPor qu\u00e9 sumarte al Partido GEN?\u00bb style=\u00bbsimple\u00bb color=\u00bbwhite\u00bb custom_font_container=\u00bbtag:h2|font_size:16|text_align:left|color:%23ffffff\u00bb custom_use_theme_fonts=\u00bbyes\u00bb use_custom_heading=\u00bbtrue\u00bb]Si cre\u00e9s que es posible una Argentina Federal, donde en todo el Pa\u00eds tengamos los mismos Derechos y accedamos concretamente a la educaci\u00f3n, la salud y los recursos p\u00fablicos nacionales, sin arbitrariedades ni acomodos, ni humillaciones.<\/p>\n<p>Si quer\u00e9s terminar con la Corrupci\u00f3n y la Impunidad en cada una de nuestras provincias y ciudades.<\/p>\n<p>Si quer\u00e9s que un Programa de Gobierno se construya a trav\u00e9s del Di\u00e1logo y la b\u00fasqueda de Consensos, m\u00e1s all\u00e1 de los partidismos.<\/p>\n<p>Si quer\u00e9s participar de Nuevas Pr\u00e1cticas Pol\u00edticas, con ciudadanos y ciudadanas como vos.<\/p>\n<p>Si sos progresista y est\u00e1s preocupad@ por mejorar nuestra sociedad, haci\u00e9ndola m\u00e1s justa y solidaria, y si para vos los valores de tolerancia y solidaridad son fundamentales, entonces el GEN es tu Partido.[\/vc_toggle][vc_toggle title=\u00bbEl Partido GEN propone:\u00bb style=\u00bbsimple\u00bb color=\u00bbwhite\u00bb custom_font_container=\u00bbtag:h2|font_size:16|text_align:left|color:%23ffffff\u00bb custom_use_theme_fonts=\u00bbyes\u00bb use_custom_heading=\u00bbtrue\u00bb]Trabajar para profundizar la Democracia y la Rep\u00fablica, construir ciudadan\u00eda y asegurar el ejercicio pleno de los Derechos Humanos y las Libertades P\u00fablicas.<\/p>\n<p>Un pa\u00eds donde todos podamos acceder a una vida segura, a la educaci\u00f3n, a la salud, a un trabajo digno, a una comunidad saludable e igualitaria.<\/p>\n<p>Un programa que se sustenta en que la Riqueza, el Poder y las Oportunidades est\u00e9n en manos de Todos y Todas.<\/p>\n<p>Liderazgos honestos, coherentes, austeros, con ideas, propuestas, acciones concretas y con gran impronta por el di\u00e1logo por encima de los partidismos, para resolver los problemas m\u00e1s acuciantes de la sociedad.<\/p>\n<p>Definir la Desigualdad y la Exclusi\u00f3n Social como el principal conflicto a resolver y creemos en el acceso al conocimiento, al trabajo decente y a las nuevas tecnolog\u00edas para asegurar oportunidades en condiciones de equidad.[\/vc_toggle][vc_toggle title=\u00bbDeclaraci\u00f3n Pol\u00edtica\u00bb style=\u00bbsimple\u00bb color=\u00bbwhite\u00bb custom_font_container=\u00bbtag:h2|font_size:16|text_align:left|color:%23ffffff\u00bb custom_use_theme_fonts=\u00bbyes\u00bb use_custom_heading=\u00bbtrue\u00bb]<a href=\"https:\/\/www.partidogen.org.ar\/web\/wp-content\/uploads\/2014\/09\/DeclaracionPolitica.docx\">Descargar Declaraci\u00f3n Pol\u00edtica<\/a>[\/vc_toggle][vc_toggle title=\u00bbCarta Org\u00e1nica Nacional\u00bb style=\u00bbsimple\u00bb color=\u00bbwhite\u00bb custom_font_container=\u00bbtag:h2|font_size:16|text_align:left|color:%23ffffff\u00bb custom_use_theme_fonts=\u00bbyes\u00bb use_custom_heading=\u00bbtrue\u00bb]<\/p>\n<ul>\n<li><a href=\"https:\/\/www.partidogen.org.ar\/web\/wp-content\/uploads\/2020\/03\/Carta_Organica_Partido_GEN_022020.pdf\" target=\"_blank\" rel=\"noopener noreferrer\">Carta Org\u00e1nica Partido GEN 2020<\/a><\/li>\n<li><a href=\"https:\/\/www.partidogen.org.ar\/web\/wp-content\/uploads\/2019\/02\/Carta-Organica-Partido-GEN-2018.pdf\" target=\"_blank\" rel=\"noopener noreferrer\">Carta Org\u00e1nica Partido GEN 2018<\/a><\/li>\n<li><a href=\"https:\/\/www.partidogen.org.ar\/web\/wp-content\/uploads\/2017\/02\/Carta-Organica-Partido-GEN-2016.pdf\" target=\"_blank\" rel=\"noopener noreferrer\">Carta Org\u00e1nica Partido GEN 2016<\/a><\/li>\n<li><a href=\"https:\/\/www.partidogen.org.ar\/web\/wp-content\/uploads\/2016\/09\/Carta-Organica-Partido-GEN-2014.pdf\" target=\"_blank\" rel=\"noopener noreferrer\">Carta Org\u00e1nica Partido GEN 2014<\/a><\/li>\n<li><a href=\"https:\/\/www.partidogen.org.ar\/web\/wp-content\/uploads\/2014\/08\/Carta-Organica-Partido-GEN-Nacional-2013-mod-art-16.pdf\" target=\"_blank\" rel=\"noopener noreferrer\">Carta Org\u00e1nica Partido GEN 2013 con Modificaci\u00f3n de art\u00edculo 16<\/a><\/li>\n<li><a title=\"\" href=\"https:\/\/www.partidogen.org.ar\/web\/wp-content\/uploads\/2014\/08\/Carta-Organica-Partido-GEN-Nacional-2013.pdf\" target=\"_blank\" rel=\"bookmark noopener noreferrer\">Carta Org\u00e1nica Partido GEN 2013<\/a><\/li>\n<\/ul>\n<p>[\/vc_toggle][vc_toggle title=\u00bbManual de normas gr\u00e1ficas\u00bb style=\u00bbsimple\u00bb color=\u00bbwhite\u00bb custom_font_container=\u00bbtag:h2|font_size:16|text_align:left|color:%23ffffff\u00bb custom_use_theme_fonts=\u00bbyes\u00bb use_custom_heading=\u00bbtrue\u00bb]<strong>Material para la comunicaci\u00f3n visual del Partido GEN<\/strong><\/p>\n<ul>\n<li><a href=\"https:\/\/www.partidogen.org.ar\/materialgrafico\/manual_de_normas_2014.pdf\" target=\"blank\" rel=\"noopener noreferrer\">Descargar Manual de Normas Gr\u00e1ficas<\/a><\/li>\n<li><a href=\"https:\/\/www.fontsquirrel.com\/fonts\/lato\" target=\"_blank\" rel=\"noopener noreferrer\">Descargar Tipogra\u00eda institucional (LATO)<\/a><\/li>\n<li><a href=\"https:\/\/www.partidogen.org.ar\/materialgrafico\/FotoMS-1440-72dpi.png\" target=\"blank\" rel=\"noopener noreferrer\">Descargar Foto de Margarita sin fondo en alta calidad para web, una ves desplegada la foto hacer click derecho sobre la misma y seleccionar la opci\u00f3n \u00abguardar imagen como&#8230;\u00bb.<\/a><\/li>\n<li><a href=\"https:\/\/www.partidogen.org.ar\/materialgrafico\/FotoMS-alta.png\" target=\"blank\" rel=\"noopener noreferrer\">Descargar Foto de Margarita sin fondo en alta calidad para afiche, una ves desplegada la foto hacer click derecho sobre la misma y seleccionar la opci\u00f3n \u00abguardar imagen como&#8230;\u00bb.<\/a><\/li>\n<li><a href=\"https:\/\/www.partidogen.org.ar\/web\/wp-content\/uploads\/2017\/04\/LogoGEN-Judicial.png\">Logo Partido GEN (png)<\/a><\/li>\n<li><a href=\"https:\/\/www.partidogen.org.ar\/web\/wp-content\/uploads\/2017\/03\/LogoGEN-01.png\">Apoyatura Partido GEN (png)<\/a><\/li>\n<li><a href=\"https:\/\/www.partidogen.org.ar\/web\/wp-content\/uploads\/2017\/03\/LogoGEN2017.ai_.zip\">Apoyatura Partido GEN (adobe ilustrator)<\/a><\/li>\n<\/ul>\n<p>[\/vc_toggle][vc_toggle title=\u00bbMaterial de Campa\u00f1a Sumate al GEN\u00bb style=\u00bbsimple\u00bb color=\u00bbwhite\u00bb custom_font_container=\u00bbtag:h2|font_size:16|text_align:left|color:%23ffffff\u00bb custom_use_theme_fonts=\u00bbyes\u00bb use_custom_heading=\u00bbtrue\u00bb]<\/p>\n<ul>\n<li><a href=\"https:\/\/www.partidogen.org.ar\/web\/wp-content\/uploads\/2016\/08\/Campana-Sumate-al-GEN-fbk-1200-01.jpg\" target=\"blank\" rel=\"noopener noreferrer\">Descargar imagen para campa\u00f1a publicitaria paga de Facebook con Fondo Blanco.<\/a><\/li>\n<li><a href=\"https:\/\/www.partidogen.org.ar\/web\/wp-content\/uploads\/2016\/08\/Campana-Sumate-al-GEN-fbk-1200-02.jpg\" target=\"blank\" rel=\"noopener noreferrer\">Descargar imagen para campa\u00f1a publicitaria paga de Facebook con Fondo Rojo.<\/a><\/li>\n<li><a href=\"https:\/\/www.partidogen.org.ar\/web\/wp-content\/uploads\/2016\/08\/Campana-Sumate-al-GEN-fbk-1200-Personal-01.jpg\" target=\"blank\" rel=\"noopener noreferrer\">Descargar imagen para campa\u00f1a publicitaria libre de Facebook con Redes sociales mas web Nacional con Fondo Blanco.<\/a><\/li>\n<li><a href=\"https:\/\/www.partidogen.org.ar\/web\/wp-content\/uploads\/2016\/08\/Campana-Sumate-al-GEN-fbk-1200-Personal-02.jpg\" target=\"blank\" rel=\"noopener noreferrer\">Descargar imagen para campa\u00f1a publicitaria libre de Facebook con Redes sociales mas web Nacional con Fondo Rojo.<\/a><\/li>\n<li><a href=\"https:\/\/www.partidogen.org.ar\/web\/wp-content\/uploads\/2016\/08\/Sumate-al-GEN-fbk-1200-Personal-generica-Blanco-01.jpg\" target=\"blank\" rel=\"noopener noreferrer\">Descargar imagen fondo blanco gen\u00e9rica para campa\u00f1a publicitaria libre de Facebook. Agregar las direcciones de las Redes sociales al lado de los iconos de twitter y facebook y la web que correspondan al lado del logo. (Guiarse con la imagen Nacional para agregar los datos)<\/a><\/li>\n<li><a href=\"https:\/\/www.partidogen.org.ar\/web\/wp-content\/uploads\/2016\/08\/Sumate-al-GEN-fbk-1200-Personal-generica-Rojo-02.jpg\" target=\"blank\" rel=\"noopener noreferrer\">Descargar imagen fondo rojo gen\u00e9rica para campa\u00f1a publicitaria libre de Facebook. Agregar las direcciones de las Redes sociales al lado de los iconos de twitter y facebook y la web que correspondan al lado del logo. (Guiarse con la imagen Nacional para agregar los datos)<\/a><\/li>\n<li><a href=\"https:\/\/www.partidogen.org.ar\/web\/wp-content\/uploads\/2016\/09\/Portada-facebook-01.jpg\" target=\"blank\" rel=\"noopener noreferrer\">Descargar imagen gen\u00e9rica para Portadas de Facebook. Como Avatar usar el logo del Partido GEN para complementar.<\/a><\/li>\n<\/ul>\n<p>[\/vc_toggle][vc_toggle title=\u00bbActa del FAP\u00bb style=\u00bbsimple\u00bb color=\u00bbwhite\u00bb custom_font_container=\u00bbtag:h2|font_size:16|text_align:left|color:%23ffffff\u00bb custom_use_theme_fonts=\u00bbyes\u00bb use_custom_heading=\u00bbtrue\u00bb]<a title=\"\" href=\"https:\/\/www.partidogen.org.ar\/web\/wp-content\/uploads\/2014\/08\/acta_fundacional_del_fap.pdf\" target=\"_blank\" rel=\"bookmark noopener noreferrer\">ACTA FUNDACIONAL DEL FAP<\/a>[\/vc_toggle][vc_toggle title=\u00bbInforme sobre presupuesto\u00bb style=\u00bbsimple\u00bb color=\u00bbwhite\u00bb custom_font_container=\u00bbtag:h2|font_size:16|text_align:left|color:%23ffffff\u00bb custom_use_theme_fonts=\u00bbyes\u00bb use_custom_heading=\u00bbtrue\u00bb]<strong>Informe sobre Presupuesto 2015 Bloque Diputados Nacionales<\/strong><br \/>\n<a href=\"https:\/\/www.partidogen.org.ar\/web\/wp-content\/uploads\/2014\/10\/Presentaci\u00f3n-power-point-Presupuesto-2015-Bloque-GEN-VERSION-FINAL.pptx\">Descargar Presentaci\u00f3n power point Presupuesto 2015<\/a>[\/vc_toggle][\/vc_column][\/vc_row]<\/p>\n","protected":false},"excerpt":{"rendered":"<p>[vc_row][vc_column][vc_custom_heading source=\u00bbpost_title\u00bb font_container=\u00bbtag:h2|font_size:36|text_align:center\u00bb use_theme_fonts=\u00bbyes\u00bb][vc_separator][\/vc_column][\/vc_row][vc_row css=\u00bb.vc_custom_1526861061040{padding-bottom: 20px !important;}\u00bb][vc_column css=\u00bb.vc_custom_1557867417232{background-color: #ea1919 !important;}\u00bb][vc_toggle title=\u00bb\u00bfQu\u00e9 es el Partido GEN?\u00bb style=\u00bbsimple\u00bb color=\u00bbwhite\u00bb custom_font_container=\u00bbtag:h2|font_size:16|text_align:left|color:%23ffffff\u00bb custom_use_theme_fonts=\u00bbyes\u00bb use_custom_heading=\u00bbtrue\u00bb]El Partido GEN es un partido pol\u00edtico argentino, de centroizquierda, liderado por la Diputada Nacional Margarita Stolbizer. En el Partido GEN reivindicamos a la pol\u00edtica como instrumento para reafirmar la democracia, la b\u00fasqueda de la libertad, [&hellip;]<\/p>\n","protected":false},"author":2,"featured_media":0,"parent":0,"menu_order":0,"comment_status":"closed","ping_status":"closed","template":"fullwidth.php","meta":{"footnotes":""},"class_list":["post-17","page","type-page","status-publish","hentry"],"_links":{"self":[{"href":"https:\/\/www.partidogen.org.ar\/web\/wp-json\/wp\/v2\/pages\/17","targetHints":{"allow":["GET"]}}],"collection":[{"href":"https:\/\/www.partidogen.org.ar\/web\/wp-json\/wp\/v2\/pages"}],"about":[{"href":"https:\/\/www.partidogen.org.ar\/web\/wp-json\/wp\/v2\/types\/page"}],"author":[{"embeddable":true,"href":"https:\/\/www.partidogen.org.ar\/web\/wp-json\/wp\/v2\/users\/2"}],"replies":[{"embeddable":true,"href":"https:\/\/www.partidogen.org.ar\/web\/wp-json\/wp\/v2\/comments?post=17"}],"version-history":[{"count":75,"href":"https:\/\/www.partidogen.org.ar\/web\/wp-json\/wp\/v2\/pages\/17\/revisions"}],"predecessor-version":[{"id":10347,"href":"https:\/\/www.partidogen.org.ar\/web\/wp-json\/wp\/v2\/pages\/17\/revisions\/10347"}],"wp:attachment":[{"href":"https:\/\/www.partidogen.org.ar\/web\/wp-json\/wp\/v2\/media?parent=17"}],"curies":[{"name":"wp","href":"https:\/\/api.w.org\/{rel}","templated":true}]}}